{"id":105,"date":"2021-10-06T09:34:19","date_gmt":"2021-10-06T09:34:19","guid":{"rendered":"https:\/\/www.pa-dent.pl\/?page_id=105"},"modified":"2021-10-06T09:41:50","modified_gmt":"2021-10-06T09:41:50","slug":"personel","status":"publish","type":"page","link":"https:\/\/www.pa-dent.pl\/index.php\/personel\/","title":{"rendered":"Personel"},"content":{"rendered":"\n<hr style=\"border: 8px solid #BD125E; border-radius: 8px;\">\n<p><strong>lekarz dentysta Sylwia Patro<\/strong><br>\nAbsolwentka Akademii Medycznej w Lublinie.<br>\nWykonuje zabiegi z zakresu stomatologii zachowawczej, endodoncji, protetyki stomatologicznej, periodontologii, stomatologii dzieci\u0119cej, radiologii stomatologicznej.<\/p>\n\n\n\n<figure class=\"wp-block-gallery columns-6 is-cropped\"><ul class=\"blocks-gallery-grid\"><li class=\"blocks-gallery-item\"><figure><a href=\"https:\/\/www.pa-dent.pl\/wp-content\/uploads\/2021\/10\/2021-02-02.png\"><img loading=\"lazy\" width=\"800\" height=\"578\" src=\"https:\/\/www.pa-dent.pl\/wp-content\/uploads\/2021\/10\/2021-02-02.png\" alt=\"\" data-id=\"109\" data-full-url=\"https:\/\/www.pa-dent.pl\/wp-content\/uploads\/2021\/10\/2021-02-02.png\" data-link=\"https:\/\/www.pa-dent.pl\/index.php\/personel\/2021-02-02\/\" class=\"wp-image-109\" srcset=\"https:\/\/www.pa-dent.pl\/wp-content\/uploads\/2021\/10\/2021-02-02.png 800w, https:\/\/www.pa-dent.pl\/wp-content\/uploads\/2021\/10\/2021-02-02-300x217.png 300w, https:\/\/www.pa-dent.pl\/wp-content\/uploads\/2021\/10\/2021-02-02-768x555.png 768w, https:\/\/www.pa-dent.pl\/wp-content\/uploads\/2021\/10\/2021-02-02-415x300.png 415w\" sizes=\"(max-width: 800px) 100vw, 800px\" \/><\/a><\/figure><\/li><li class=\"blocks-gallery-item\"><figure><a href=\"https:\/\/www.pa-dent.pl\/wp-content\/uploads\/2021\/10\/2021-02-02-1.png\"><img loading=\"lazy\" width=\"800\" height=\"578\" src=\"https:\/\/www.pa-dent.pl\/wp-content\/uploads\/2021\/10\/2021-02-02-1.png\" alt=\"\" data-id=\"110\" data-full-url=\"https:\/\/www.pa-dent.pl\/wp-content\/uploads\/2021\/10\/2021-02-02-1.png\" data-link=\"https:\/\/www.pa-dent.pl\/index.php\/personel\/2021-02-02-1\/\" class=\"wp-image-110\" srcset=\"https:\/\/www.pa-dent.pl\/wp-content\/uploads\/2021\/10\/2021-02-02-1.png 800w, https:\/\/www.pa-dent.pl\/wp-content\/uploads\/2021\/10\/2021-02-02-1-300x217.png 300w, https:\/\/www.pa-dent.pl\/wp-content\/uploads\/2021\/10\/2021-02-02-1-768x555.png 768w, https:\/\/www.pa-dent.pl\/wp-content\/uploads\/2021\/10\/2021-02-02-1-415x300.png 415w\" sizes=\"(max-width: 800px) 100vw, 800px\" \/><\/a><\/figure><\/li><li class=\"blocks-gallery-item\"><figure><a href=\"https:\/\/www.pa-dent.pl\/wp-content\/uploads\/2021\/10\/2021-02-02-2.png\"><img loading=\"lazy\" width=\"433\" height=\"600\" src=\"https:\/\/www.pa-dent.pl\/wp-content\/uploads\/2021\/10\/2021-02-02-2.png\" alt=\"\" data-id=\"111\" data-full-url=\"https:\/\/www.pa-dent.pl\/wp-content\/uploads\/2021\/10\/2021-02-02-2.png\" data-link=\"https:\/\/www.pa-dent.pl\/index.php\/personel\/2021-02-02-2\/\" class=\"wp-image-111\" srcset=\"https:\/\/www.pa-dent.pl\/wp-content\/uploads\/2021\/10\/2021-02-02-2.png 433w, https:\/\/www.pa-dent.pl\/wp-content\/uploads\/2021\/10\/2021-02-02-2-217x300.png 217w\" sizes=\"(max-width: 433px) 100vw, 433px\" \/><\/a><\/figure><\/li><li class=\"blocks-gallery-item\"><figure><a href=\"https:\/\/www.pa-dent.pl\/wp-content\/uploads\/2021\/10\/2021-02-02-3.png\"><img loading=\"lazy\" width=\"800\" height=\"578\" src=\"https:\/\/www.pa-dent.pl\/wp-content\/uploads\/2021\/10\/2021-02-02-3.png\" alt=\"\" data-id=\"112\" data-full-url=\"https:\/\/www.pa-dent.pl\/wp-content\/uploads\/2021\/10\/2021-02-02-3.png\" data-link=\"https:\/\/www.pa-dent.pl\/index.php\/personel\/2021-02-02-3\/\" class=\"wp-image-112\" srcset=\"https:\/\/www.pa-dent.pl\/wp-content\/uploads\/2021\/10\/2021-02-02-3.png 800w, https:\/\/www.pa-dent.pl\/wp-content\/uploads\/2021\/10\/2021-02-02-3-300x217.png 300w, https:\/\/www.pa-dent.pl\/wp-content\/uploads\/2021\/10\/2021-02-02-3-768x555.png 768w, https:\/\/www.pa-dent.pl\/wp-content\/uploads\/2021\/10\/2021-02-02-3-415x300.png 415w\" sizes=\"(max-width: 800px) 100vw, 800px\" \/><\/a><\/figure><\/li><li class=\"blocks-gallery-item\"><figure><a href=\"https:\/\/www.pa-dent.pl\/wp-content\/uploads\/2021\/10\/2021-02-02-4.png\"><img loading=\"lazy\" width=\"800\" height=\"577\" src=\"https:\/\/www.pa-dent.pl\/wp-content\/uploads\/2021\/10\/2021-02-02-4.png\" alt=\"\" data-id=\"113\" data-full-url=\"https:\/\/www.pa-dent.pl\/wp-content\/uploads\/2021\/10\/2021-02-02-4.png\" data-link=\"https:\/\/www.pa-dent.pl\/index.php\/personel\/2021-02-02-4\/\" class=\"wp-image-113\" srcset=\"https:\/\/www.pa-dent.pl\/wp-content\/uploads\/2021\/10\/2021-02-02-4.png 800w, https:\/\/www.pa-dent.pl\/wp-content\/uploads\/2021\/10\/2021-02-02-4-300x216.png 300w, https:\/\/www.pa-dent.pl\/wp-content\/uploads\/2021\/10\/2021-02-02-4-768x554.png 768w, https:\/\/www.pa-dent.pl\/wp-content\/uploads\/2021\/10\/2021-02-02-4-416x300.png 416w\" sizes=\"(max-width: 800px) 100vw, 800px\" \/><\/a><\/figure><\/li><li class=\"blocks-gallery-item\"><figure><a href=\"https:\/\/www.pa-dent.pl\/wp-content\/uploads\/2021\/10\/2021-02-02-5.png\"><img loading=\"lazy\" width=\"800\" height=\"578\" src=\"https:\/\/www.pa-dent.pl\/wp-content\/uploads\/2021\/10\/2021-02-02-5.png\" alt=\"\" data-id=\"114\" data-full-url=\"https:\/\/www.pa-dent.pl\/wp-content\/uploads\/2021\/10\/2021-02-02-5.png\" data-link=\"https:\/\/www.pa-dent.pl\/index.php\/personel\/2021-02-02-5\/\" class=\"wp-image-114\" srcset=\"https:\/\/www.pa-dent.pl\/wp-content\/uploads\/2021\/10\/2021-02-02-5.png 800w, https:\/\/www.pa-dent.pl\/wp-content\/uploads\/2021\/10\/2021-02-02-5-300x217.png 300w, https:\/\/www.pa-dent.pl\/wp-content\/uploads\/2021\/10\/2021-02-02-5-768x555.png 768w, https:\/\/www.pa-dent.pl\/wp-content\/uploads\/2021\/10\/2021-02-02-5-415x300.png 415w\" sizes=\"(max-width: 800px) 100vw, 800px\" \/><\/a><\/figure><\/li><li class=\"blocks-gallery-item\"><figure><a href=\"https:\/\/www.pa-dent.pl\/wp-content\/uploads\/2021\/10\/certyfikat1.jpg\"><img loading=\"lazy\" width=\"420\" height=\"600\" src=\"https:\/\/www.pa-dent.pl\/wp-content\/uploads\/2021\/10\/certyfikat1.jpg\" alt=\"\" data-id=\"115\" data-full-url=\"https:\/\/www.pa-dent.pl\/wp-content\/uploads\/2021\/10\/certyfikat1.jpg\" data-link=\"https:\/\/www.pa-dent.pl\/index.php\/personel\/certyfikat1\/\" class=\"wp-image-115\" srcset=\"https:\/\/www.pa-dent.pl\/wp-content\/uploads\/2021\/10\/certyfikat1.jpg 420w, https:\/\/www.pa-dent.pl\/wp-content\/uploads\/2021\/10\/certyfikat1-210x300.jpg 210w\" sizes=\"(max-width: 420px) 100vw, 420px\" \/><\/a><\/figure><\/li><li class=\"blocks-gallery-item\"><figure><a href=\"https:\/\/www.pa-dent.pl\/wp-content\/uploads\/2021\/10\/certyfikat2.jpg\"><img loading=\"lazy\" width=\"800\" height=\"584\" src=\"https:\/\/www.pa-dent.pl\/wp-content\/uploads\/2021\/10\/certyfikat2.jpg\" alt=\"\" data-id=\"116\" data-full-url=\"https:\/\/www.pa-dent.pl\/wp-content\/uploads\/2021\/10\/certyfikat2.jpg\" data-link=\"https:\/\/www.pa-dent.pl\/index.php\/personel\/certyfikat2\/\" class=\"wp-image-116\" srcset=\"https:\/\/www.pa-dent.pl\/wp-content\/uploads\/2021\/10\/certyfikat2.jpg 800w, https:\/\/www.pa-dent.pl\/wp-content\/uploads\/2021\/10\/certyfikat2-300x219.jpg 300w, https:\/\/www.pa-dent.pl\/wp-content\/uploads\/2021\/10\/certyfikat2-768x561.jpg 768w, https:\/\/www.pa-dent.pl\/wp-content\/uploads\/2021\/10\/certyfikat2-411x300.jpg 411w\" sizes=\"(max-width: 800px) 100vw, 800px\" \/><\/a><\/figure><\/li><li class=\"blocks-gallery-item\"><figure><a href=\"https:\/\/www.pa-dent.pl\/wp-content\/uploads\/2021\/10\/certyfikat3.jpg\"><img loading=\"lazy\" width=\"434\" height=\"600\" src=\"https:\/\/www.pa-dent.pl\/wp-content\/uploads\/2021\/10\/certyfikat3.jpg\" alt=\"\" data-id=\"117\" data-full-url=\"https:\/\/www.pa-dent.pl\/wp-content\/uploads\/2021\/10\/certyfikat3.jpg\" data-link=\"https:\/\/www.pa-dent.pl\/index.php\/personel\/certyfikat3\/\" class=\"wp-image-117\" srcset=\"https:\/\/www.pa-dent.pl\/wp-content\/uploads\/2021\/10\/certyfikat3.jpg 434w, https:\/\/www.pa-dent.pl\/wp-content\/uploads\/2021\/10\/certyfikat3-217x300.jpg 217w\" sizes=\"(max-width: 434px) 100vw, 434px\" \/><\/a><\/figure><\/li><li class=\"blocks-gallery-item\"><figure><a href=\"https:\/\/www.pa-dent.pl\/wp-content\/uploads\/2021\/10\/certyfikat4.jpg\"><img loading=\"lazy\" width=\"423\" height=\"600\" src=\"https:\/\/www.pa-dent.pl\/wp-content\/uploads\/2021\/10\/certyfikat4.jpg\" alt=\"\" data-id=\"119\" data-full-url=\"https:\/\/www.pa-dent.pl\/wp-content\/uploads\/2021\/10\/certyfikat4.jpg\" data-link=\"https:\/\/www.pa-dent.pl\/index.php\/personel\/certyfikat4\/\" class=\"wp-image-119\" srcset=\"https:\/\/www.pa-dent.pl\/wp-content\/uploads\/2021\/10\/certyfikat4.jpg 423w, https:\/\/www.pa-dent.pl\/wp-content\/uploads\/2021\/10\/certyfikat4-212x300.jpg 212w\" sizes=\"(max-width: 423px) 100vw, 423px\" \/><\/a><\/figure><\/li><li class=\"blocks-gallery-item\"><figure><a href=\"https:\/\/www.pa-dent.pl\/wp-content\/uploads\/2021\/10\/certyfikat5.jpg\"><img loading=\"lazy\" width=\"422\" height=\"600\" src=\"https:\/\/www.pa-dent.pl\/wp-content\/uploads\/2021\/10\/certyfikat5.jpg\" alt=\"\" data-id=\"120\" data-full-url=\"https:\/\/www.pa-dent.pl\/wp-content\/uploads\/2021\/10\/certyfikat5.jpg\" data-link=\"https:\/\/www.pa-dent.pl\/index.php\/personel\/certyfikat5\/\" class=\"wp-image-120\" srcset=\"https:\/\/www.pa-dent.pl\/wp-content\/uploads\/2021\/10\/certyfikat5.jpg 422w, https:\/\/www.pa-dent.pl\/wp-content\/uploads\/2021\/10\/certyfikat5-211x300.jpg 211w\" sizes=\"(max-width: 422px) 100vw, 422px\" \/><\/a><\/figure><\/li><li class=\"blocks-gallery-item\"><figure><a href=\"https:\/\/www.pa-dent.pl\/wp-content\/uploads\/2021\/10\/certyfikat6.jpg\"><img loading=\"lazy\" width=\"421\" height=\"600\" src=\"https:\/\/www.pa-dent.pl\/wp-content\/uploads\/2021\/10\/certyfikat6.jpg\" alt=\"\" data-id=\"121\" data-full-url=\"https:\/\/www.pa-dent.pl\/wp-content\/uploads\/2021\/10\/certyfikat6.jpg\" data-link=\"https:\/\/www.pa-dent.pl\/index.php\/personel\/certyfikat6\/\" class=\"wp-image-121\" srcset=\"https:\/\/www.pa-dent.pl\/wp-content\/uploads\/2021\/10\/certyfikat6.jpg 421w, https:\/\/www.pa-dent.pl\/wp-content\/uploads\/2021\/10\/certyfikat6-211x300.jpg 211w\" sizes=\"(max-width: 421px) 100vw, 421px\" \/><\/a><\/figure><\/li><\/ul><\/figure>\n\n\n\n<p>&nbsp;<\/p>\n<p><strong>lekarz dentysta Ewa Antoszkiewicz<\/strong><br>\nAbsolwentka Lwowskiego Uniwersytetu Medycznego.<br>\nZajmuje si\u0119 stomatologi\u0105 zachowawcz\u0105, endodoncj\u0105, chirurgi\u0105 stomatologiczn\u0105, stomatologi\u0105 dzieci\u0119c\u0105. Cieszy si\u0119 szczeg\u00f3lnym zaufaniem ma\u0142ych pacjent\u00f3w.<\/p>\n\n\n\n<figure class=\"wp-block-gallery columns-6 is-cropped\"><ul class=\"blocks-gallery-grid\"><li class=\"blocks-gallery-item\"><figure><a href=\"https:\/\/www.pa-dent.pl\/wp-content\/uploads\/2021\/10\/certyfikat15.jpg\"><img loading=\"lazy\" width=\"800\" height=\"571\" src=\"https:\/\/www.pa-dent.pl\/wp-content\/uploads\/2021\/10\/certyfikat15.jpg\" alt=\"\" data-id=\"122\" data-full-url=\"https:\/\/www.pa-dent.pl\/wp-content\/uploads\/2021\/10\/certyfikat15.jpg\" data-link=\"https:\/\/www.pa-dent.pl\/index.php\/personel\/certyfikat15\/\" class=\"wp-image-122\" srcset=\"https:\/\/www.pa-dent.pl\/wp-content\/uploads\/2021\/10\/certyfikat15.jpg 800w, https:\/\/www.pa-dent.pl\/wp-content\/uploads\/2021\/10\/certyfikat15-300x214.jpg 300w, https:\/\/www.pa-dent.pl\/wp-content\/uploads\/2021\/10\/certyfikat15-768x548.jpg 768w, https:\/\/www.pa-dent.pl\/wp-content\/uploads\/2021\/10\/certyfikat15-420x300.jpg 420w\" sizes=\"(max-width: 800px) 100vw, 800px\" \/><\/a><\/figure><\/li><li class=\"blocks-gallery-item\"><figure><a href=\"https:\/\/www.pa-dent.pl\/wp-content\/uploads\/2021\/10\/certyfikat16.jpg\"><img loading=\"lazy\" width=\"423\" height=\"600\" src=\"https:\/\/www.pa-dent.pl\/wp-content\/uploads\/2021\/10\/certyfikat16.jpg\" alt=\"\" data-id=\"123\" data-full-url=\"https:\/\/www.pa-dent.pl\/wp-content\/uploads\/2021\/10\/certyfikat16.jpg\" data-link=\"https:\/\/www.pa-dent.pl\/index.php\/personel\/certyfikat16\/\" class=\"wp-image-123\" srcset=\"https:\/\/www.pa-dent.pl\/wp-content\/uploads\/2021\/10\/certyfikat16.jpg 423w, https:\/\/www.pa-dent.pl\/wp-content\/uploads\/2021\/10\/certyfikat16-212x300.jpg 212w\" sizes=\"(max-width: 423px) 100vw, 423px\" \/><\/a><\/figure><\/li><li class=\"blocks-gallery-item\"><figure><a href=\"https:\/\/www.pa-dent.pl\/wp-content\/uploads\/2021\/10\/certyfikat17.jpg\"><img loading=\"lazy\" width=\"800\" height=\"566\" src=\"https:\/\/www.pa-dent.pl\/wp-content\/uploads\/2021\/10\/certyfikat17.jpg\" alt=\"\" data-id=\"124\" data-full-url=\"https:\/\/www.pa-dent.pl\/wp-content\/uploads\/2021\/10\/certyfikat17.jpg\" data-link=\"https:\/\/www.pa-dent.pl\/index.php\/personel\/certyfikat17\/\" class=\"wp-image-124\" srcset=\"https:\/\/www.pa-dent.pl\/wp-content\/uploads\/2021\/10\/certyfikat17.jpg 800w, https:\/\/www.pa-dent.pl\/wp-content\/uploads\/2021\/10\/certyfikat17-300x212.jpg 300w, https:\/\/www.pa-dent.pl\/wp-content\/uploads\/2021\/10\/certyfikat17-768x543.jpg 768w, https:\/\/www.pa-dent.pl\/wp-content\/uploads\/2021\/10\/certyfikat17-424x300.jpg 424w\" sizes=\"(max-width: 800px) 100vw, 800px\" \/><\/a><\/figure><\/li><li class=\"blocks-gallery-item\"><figure><a href=\"https:\/\/www.pa-dent.pl\/wp-content\/uploads\/2021\/10\/certyfikat18.jpg\"><img loading=\"lazy\" width=\"430\" height=\"600\" src=\"https:\/\/www.pa-dent.pl\/wp-content\/uploads\/2021\/10\/certyfikat18.jpg\" alt=\"\" data-id=\"125\" data-full-url=\"https:\/\/www.pa-dent.pl\/wp-content\/uploads\/2021\/10\/certyfikat18.jpg\" data-link=\"https:\/\/www.pa-dent.pl\/index.php\/personel\/certyfikat18\/\" class=\"wp-image-125\" srcset=\"https:\/\/www.pa-dent.pl\/wp-content\/uploads\/2021\/10\/certyfikat18.jpg 430w, https:\/\/www.pa-dent.pl\/wp-content\/uploads\/2021\/10\/certyfikat18-215x300.jpg 215w\" sizes=\"(max-width: 430px) 100vw, 430px\" \/><\/a><\/figure><\/li><li class=\"blocks-gallery-item\"><figure><a href=\"https:\/\/www.pa-dent.pl\/wp-content\/uploads\/2021\/10\/certyfikat19.jpg\"><img loading=\"lazy\" width=\"424\" height=\"600\" src=\"https:\/\/www.pa-dent.pl\/wp-content\/uploads\/2021\/10\/certyfikat19.jpg\" alt=\"\" data-id=\"126\" data-full-url=\"https:\/\/www.pa-dent.pl\/wp-content\/uploads\/2021\/10\/certyfikat19.jpg\" data-link=\"https:\/\/www.pa-dent.pl\/index.php\/personel\/certyfikat19\/\" class=\"wp-image-126\" srcset=\"https:\/\/www.pa-dent.pl\/wp-content\/uploads\/2021\/10\/certyfikat19.jpg 424w, https:\/\/www.pa-dent.pl\/wp-content\/uploads\/2021\/10\/certyfikat19-212x300.jpg 212w\" sizes=\"(max-width: 424px) 100vw, 424px\" \/><\/a><\/figure><\/li><li class=\"blocks-gallery-item\"><figure><a href=\"https:\/\/www.pa-dent.pl\/wp-content\/uploads\/2021\/10\/certyfikat20.jpg\"><img loading=\"lazy\" width=\"425\" height=\"600\" src=\"https:\/\/www.pa-dent.pl\/wp-content\/uploads\/2021\/10\/certyfikat20.jpg\" alt=\"\" data-id=\"127\" data-full-url=\"https:\/\/www.pa-dent.pl\/wp-content\/uploads\/2021\/10\/certyfikat20.jpg\" data-link=\"https:\/\/www.pa-dent.pl\/index.php\/personel\/certyfikat20\/\" class=\"wp-image-127\" srcset=\"https:\/\/www.pa-dent.pl\/wp-content\/uploads\/2021\/10\/certyfikat20.jpg 425w, https:\/\/www.pa-dent.pl\/wp-content\/uploads\/2021\/10\/certyfikat20-213x300.jpg 213w\" sizes=\"(max-width: 425px) 100vw, 425px\" \/><\/a><\/figure><\/li><\/ul><\/figure>\n\n\n\n<p>&nbsp;<\/p>\n<p><strong>asystentka i higienistka stom. Agnieszka Grendysa<\/strong><br>\nAbsolwentka Studium Medycznego w Rzeszowie o kierunku Asystentka Stomatologiczna oraz Higienistka Stomatologiczna.<br>\nWykonuje zabiegi:<br>\n\u2013 usuwanie kamienia naz\u0119bnego<br>\n\u2013 piaskowanie<br>\n\u2013 wybielanie z\u0119b\u00f3w<br>\n\u2013 lakierowanie z\u0119b\u00f3w<br>\n\u2013 lakowanie<br>\n\u2013 profesjonalny instrukta\u017c higieny jamy ustnej i szczotkowania<\/p>\n<p>&nbsp;<\/p>\n<p>Oferujemy dogodne i szybkie terminy dla pacjent\u00f3w.<\/p>\n<hr style=\"border: 8px solid #BD125E; border-radius: 8px;\">\n","protected":false},"excerpt":{"rendered":"<p>lekarz dentysta Sylwia Patro Absolwentka Akademii Medycznej w Lublinie. Wykonuje zabiegi z zakresu stomatologii zachowawczej, endodoncji, protetyki stomatologicznej, periodontologii, stomatologii dzieci\u0119cej, radiologii stomatologicznej. &nbsp; lekarz dentysta Ewa Antoszkiewicz Absolwentka Lwowskiego Uniwersytetu Medycznego. Zajmuje si\u0119 stomatologi\u0105 zachowawcz\u0105, endodoncj\u0105, chirurgi\u0105 stomatologiczn\u0105, stomatologi\u0105 &hellip; <a href=\"https:\/\/www.pa-dent.pl\/index.php\/personel\/\">Czytaj dalej <span class=\"meta-nav\">&rarr;<\/span><\/a><\/p>\n","protected":false},"author":1,"featured_media":0,"parent":0,"menu_order":0,"comment_status":"closed","ping_status":"closed","template":"","meta":[],"_links":{"self":[{"href":"https:\/\/www.pa-dent.pl\/index.php\/wp-json\/wp\/v2\/pages\/105"}],"collection":[{"href":"https:\/\/www.pa-dent.pl\/index.php\/wp-json\/wp\/v2\/pages"}],"about":[{"href":"https:\/\/www.pa-dent.pl\/index.php\/wp-json\/wp\/v2\/types\/page"}],"author":[{"embeddable":true,"href":"https:\/\/www.pa-dent.pl\/index.php\/wp-json\/wp\/v2\/users\/1"}],"replies":[{"embeddable":true,"href":"https:\/\/www.pa-dent.pl\/index.php\/wp-json\/wp\/v2\/comments?post=105"}],"version-history":[{"count":4,"href":"https:\/\/www.pa-dent.pl\/index.php\/wp-json\/wp\/v2\/pages\/105\/revisions"}],"predecessor-version":[{"id":128,"href":"https:\/\/www.pa-dent.pl\/index.php\/wp-json\/wp\/v2\/pages\/105\/revisions\/128"}],"wp:attachment":[{"href":"https:\/\/www.pa-dent.pl\/index.php\/wp-json\/wp\/v2\/media?parent=105"}],"curies":[{"name":"wp","href":"https:\/\/api.w.org\/{rel}","templated":true}]}}