{"id":23,"date":"2021-09-08T13:42:03","date_gmt":"2021-09-08T13:42:03","guid":{"rendered":"http:\/\/www.pa-dent.pl\/?page_id=23"},"modified":"2021-10-06T10:40:25","modified_gmt":"2021-10-06T10:40:25","slug":"__trashed-2","status":"publish","type":"page","link":"https:\/\/www.pa-dent.pl\/index.php\/__trashed-2\/","title":{"rendered":"Kontakt i lokalizacja"},"content":{"rendered":"\n<hr style=\"border: 8px solid #BD125E; border-radius: 8px;\">\n\n\n\n<p><strong>NZOZ PA-DENT<\/strong><br>ul. 3-go Maja 27\/1<br>39-120 S\u0119dzisz\u00f3w M\u0142p.<br>tel.\u00a0+48 694 578 194\u00a0 \u00a0+48 531 569 944<\/p>\n\n\n\n<p>e-mail:&nbsp;<a href=\"mailto:pa-dent@tlen.pl\">pa-dent@tlen.pl<\/a><\/p>\n\n\n\n<figure class=\"wp-block-image size-medium is-style-default\"><img loading=\"lazy\" width=\"300\" height=\"205\" src=\"https:\/\/www.pa-dent.pl\/wp-content\/uploads\/2021\/10\/pa-dent-wejscie-300x205.png\" alt=\"\" class=\"wp-image-133\" srcset=\"https:\/\/www.pa-dent.pl\/wp-content\/uploads\/2021\/10\/pa-dent-wejscie-300x205.png 300w, https:\/\/www.pa-dent.pl\/wp-content\/uploads\/2021\/10\/pa-dent-wejscie-768x525.png 768w, https:\/\/www.pa-dent.pl\/wp-content\/uploads\/2021\/10\/pa-dent-wejscie-439x300.png 439w, https:\/\/www.pa-dent.pl\/wp-content\/uploads\/2021\/10\/pa-dent-wejscie.png 800w\" sizes=\"(max-width: 300px) 100vw, 300px\" \/><\/figure>\n\n\n\n<iframe src=\"https:\/\/www.google.com\/maps\/embed?pb=!1m18!1m12!1m3!1d640.2312528799129!2d21.694999329245746!3d50.06896599871404!2m3!1f0!2f0!3f0!3m2!1i1024!2i768!4f13.1!3m3!1m2!1s0x473d040ae80e7009%3A0x605f2a9196c461a5!2sNZOZ%20PA%20-%20DENT!5e0!3m2!1spl!2spl!4v1633516525844!5m2!1spl!2spl\" width=\"600\" height=\"450\" style=\"border:0;\" allowfullscreen=\"\" loading=\"lazy\"><\/iframe>\n\n\n\n<hr style=\"border: 8px solid #BD125E; border-radius: 8px;\">\n","protected":false},"excerpt":{"rendered":"<p>NZOZ PA-DENTul. 3-go Maja 27\/139-120 S\u0119dzisz\u00f3w M\u0142p.tel.\u00a0+48 694 578 194\u00a0 \u00a0+48 531 569 944 e-mail:&nbsp;pa-dent@tlen.pl<\/p>\n","protected":false},"author":1,"featured_media":0,"parent":0,"menu_order":0,"comment_status":"closed","ping_status":"closed","template":"","meta":[],"_links":{"self":[{"href":"https:\/\/www.pa-dent.pl\/index.php\/wp-json\/wp\/v2\/pages\/23"}],"collection":[{"href":"https:\/\/www.pa-dent.pl\/index.php\/wp-json\/wp\/v2\/pages"}],"about":[{"href":"https:\/\/www.pa-dent.pl\/index.php\/wp-json\/wp\/v2\/types\/page"}],"author":[{"embeddable":true,"href":"https:\/\/www.pa-dent.pl\/index.php\/wp-json\/wp\/v2\/users\/1"}],"replies":[{"embeddable":true,"href":"https:\/\/www.pa-dent.pl\/index.php\/wp-json\/wp\/v2\/comments?post=23"}],"version-history":[{"count":5,"href":"https:\/\/www.pa-dent.pl\/index.php\/wp-json\/wp\/v2\/pages\/23\/revisions"}],"predecessor-version":[{"id":134,"href":"https:\/\/www.pa-dent.pl\/index.php\/wp-json\/wp\/v2\/pages\/23\/revisions\/134"}],"wp:attachment":[{"href":"https:\/\/www.pa-dent.pl\/index.php\/wp-json\/wp\/v2\/media?parent=23"}],"curies":[{"name":"wp","href":"https:\/\/api.w.org\/{rel}","templated":true}]}}