{"id":48,"date":"2021-09-08T15:45:51","date_gmt":"2021-09-08T15:45:51","guid":{"rendered":"http:\/\/www.pa-dent.pl\/?page_id=48"},"modified":"2021-10-06T10:40:41","modified_gmt":"2021-10-06T10:40:41","slug":"o-gabinecie","status":"publish","type":"page","link":"https:\/\/www.pa-dent.pl\/","title":{"rendered":"Gabinet"},"content":{"rendered":"\n<hr style=\"border: 8px solid #BD125E; border-radius: 8px;\">\n\n\n\n<p><strong>NZOZ Pa-Dent<\/strong>&nbsp;jest nowoczesnym gabinetem stomatologicznym oferuj\u0105cym szeroki zakres us\u0142ug dentystycznych najwy\u017cszej jako\u015bci po atrakcyjnych cenach.<\/p>\n\n\n\n<p>W trosce o pe\u0142ne zadowolenie pacjent\u00f3w gabinet \u015bwiadczy kompleksowe zabiegi obejmuj\u0105ce&nbsp;stomatologi\u0119 zachowawcz\u0105,&nbsp;estetyczn\u0105,&nbsp;dzieci\u0119c\u0105&nbsp;a tak\u017ce&nbsp;protetyk\u0119,&nbsp;chirurgi\u0119 stomatologiczn\u0105&nbsp;oraz&nbsp;periodontologi\u0119&nbsp;i&nbsp;profilaktyk\u0119 pr\u00f3chnicy.<\/p>\n\n\n\n<p>Gabinet dysponuje wysokiej klasy&nbsp;sprz\u0119tem, b\u0119d\u0105cym standardem wsp\u00f3\u0142czesnej stomatologii m.in: radiografem, aparatem RTG, lamp\u0105 do wybielania, endometrem, piaskark\u0105 oraz kamer\u0105 wewn\u0105trzustn\u0105.<\/p>\n\n\n\n<p><strong>Pa-Dent jest przystosowany do pracy z dzie\u0107mi<\/strong>, pocz\u0105wszy od wizyt adaptacyjnych dla najm\u0142odszych, poprzez bezbolesne zabiegi, podczas kt\u00f3rych mo\u017cna ogl\u0105dn\u0105\u0107 bajk\u0119, a ko\u0144cz\u0105c na nagrodach dla dzielnych, ma\u0142ych pacjent\u00f3w.<\/p>\n\n\n\n<p><strong>Serdecznie zapraszam!<\/strong><br>lek. dent. Sylwia Patro<\/p>\n\n\n\n<hr style=\"border: 8px solid #BD125E; border-radius: 8px;\">\n","protected":false},"excerpt":{"rendered":"<p>NZOZ Pa-Dent&nbsp;jest nowoczesnym gabinetem stomatologicznym oferuj\u0105cym szeroki zakres us\u0142ug dentystycznych najwy\u017cszej jako\u015bci po atrakcyjnych cenach. W trosce o pe\u0142ne zadowolenie pacjent\u00f3w gabinet \u015bwiadczy kompleksowe zabiegi obejmuj\u0105ce&nbsp;stomatologi\u0119 zachowawcz\u0105,&nbsp;estetyczn\u0105,&nbsp;dzieci\u0119c\u0105&nbsp;a tak\u017ce&nbsp;protetyk\u0119,&nbsp;chirurgi\u0119 stomatologiczn\u0105&nbsp;oraz&nbsp;periodontologi\u0119&nbsp;i&nbsp;profilaktyk\u0119 pr\u00f3chnicy. Gabinet dysponuje wysokiej klasy&nbsp;sprz\u0119tem, b\u0119d\u0105cym standardem wsp\u00f3\u0142czesnej stomatologii m.in: radiografem, &hellip; <a href=\"https:\/\/www.pa-dent.pl\/\">Czytaj dalej <span class=\"meta-nav\">&rarr;<\/span><\/a><\/p>\n","protected":false},"author":1,"featured_media":0,"parent":0,"menu_order":0,"comment_status":"closed","ping_status":"closed","template":"","meta":[],"_links":{"self":[{"href":"https:\/\/www.pa-dent.pl\/index.php\/wp-json\/wp\/v2\/pages\/48"}],"collection":[{"href":"https:\/\/www.pa-dent.pl\/index.php\/wp-json\/wp\/v2\/pages"}],"about":[{"href":"https:\/\/www.pa-dent.pl\/index.php\/wp-json\/wp\/v2\/types\/page"}],"author":[{"embeddable":true,"href":"https:\/\/www.pa-dent.pl\/index.php\/wp-json\/wp\/v2\/users\/1"}],"replies":[{"embeddable":true,"href":"https:\/\/www.pa-dent.pl\/index.php\/wp-json\/wp\/v2\/comments?post=48"}],"version-history":[{"count":3,"href":"https:\/\/www.pa-dent.pl\/index.php\/wp-json\/wp\/v2\/pages\/48\/revisions"}],"predecessor-version":[{"id":135,"href":"https:\/\/www.pa-dent.pl\/index.php\/wp-json\/wp\/v2\/pages\/48\/revisions\/135"}],"wp:attachment":[{"href":"https:\/\/www.pa-dent.pl\/index.php\/wp-json\/wp\/v2\/media?parent=48"}],"curies":[{"name":"wp","href":"https:\/\/api.w.org\/{rel}","templated":true}]}}