{"id":82,"date":"2021-10-06T09:10:24","date_gmt":"2021-10-06T09:10:24","guid":{"rendered":"http:\/\/www.pa-dent.pl\/?page_id=82"},"modified":"2021-10-06T09:12:40","modified_gmt":"2021-10-06T09:12:40","slug":"oferta","status":"publish","type":"page","link":"https:\/\/www.pa-dent.pl\/index.php\/oferta\/","title":{"rendered":"Oferta"},"content":{"rendered":"\n<hr style=\"border: 8px solid #BD125E; border-radius: 8px;\">\n<table style=\"text-align: left;\" border=\"0\" cellspacing=\"0\" cellpadding=\"0\">\n<tbody>\n<tr>\n<td><img loading=\"lazy\" class=\"alignright size-thumbnail wp-image-524\" title=\"\" src=\"https:\/\/www.pa-dent.pl\/wp-content\/uploads\/2021\/10\/szczoteczka1-150x150-1.jpg\" alt=\"\" width=\"50\" height=\"50\"><\/td>\n<td style=\"vertical-align: top; text-align: left; text-color: black;\"><a name=\"profilaktyka\"><\/a><strong>Profilaktyka pr\u00f3chnicy dzieci i doros\u0142ych<\/strong><\/td>\n<td style=\"vertical-align: top; text-align: left;\">\n<ul>\n<li>Instrukta\u017c higieny jamy ustnej<\/li>\n<li>Lakierowanie z\u0119b\u00f3w<\/li>\n<li>Lakowanie bruzd z\u0119b\u00f3w sta\u0142ych i mlecznych<\/li>\n<li>Profesjonalne oczyszczanie z\u0119b\u00f3w<\/li>\n<\/ul>\n<\/td>\n<\/tr>\n<tr>\n<td><img loading=\"lazy\" class=\"alignright size-thumbnail wp-image-524\" title=\"\" src=\"https:\/\/www.pa-dent.pl\/wp-content\/uploads\/2021\/10\/przod-150x150-1.jpg\" alt=\"\" width=\"50\" height=\"50\"><\/td>\n<td style=\"vertical-align: top; text-align: left; text-color: black;\"><a name=\"zacho\"><\/a><strong>Stomatologia zachowawcza<\/strong><\/td>\n<td style=\"vertical-align: top; text-align: left;\">\n<ul>\n<li>Specjalistyczne porady stomatologiczne<\/li>\n<li>Wype\u0142nienia materia\u0142ami \u015bwiat\u0142outwardzalnymi<\/li>\n<li>Kosmetyczna odbudowa z\u0142amanych z\u0119b\u00f3w<\/li>\n<li>Leczenie nadwra\u017cliwo\u015bci z\u0119b\u00f3w<\/li>\n<\/ul>\n<\/td>\n<\/tr>\n<tr>\n<td><img loading=\"lazy\" class=\"alignright wp-image-526\" title=\"\" src=\"https:\/\/www.pa-dent.pl\/wp-content\/uploads\/2021\/10\/usta1.png\" alt=\"\" width=\"50\" height=\"50\"><\/td>\n<td style=\"vertical-align: top; text-align: left;\"><a name=\"estet\"><\/a><strong>Stomatologia estetyczna<\/strong><\/td>\n<td style=\"vertical-align: top; text-align: left;\">\n<ul>\n<li>Wybielanie z\u0119b\u00f3w \u017cywych<\/li>\n<li>Wybielanie metod\u0105 nak\u0142adkow\u0105<\/li>\n<li>Profesjonalne wybielanie w gabinecie stomatologicznym przy u\u017cyciu <strong>lampy wybielaj\u0105cej WHITENMAX<\/strong><\/li>\n<\/ul>\n<ul>\n<li>Wybielanie z\u0119b\u00f3w martwych<\/li>\n<li>Odbudowa z\u0119b\u00f3w z zastosowaniem wk\u0142ad\u00f3w z w\u0142\u00f3kna szklanego<\/li>\n<li>Estetyczne wype\u0142nienia z\u0119b\u00f3w przednich<\/li>\n<li>Piaskowanie<\/li>\n<\/ul>\n<\/td>\n<\/tr>\n<tr>\n<td><img loading=\"lazy\" class=\"alignright size-thumbnail wp-image-515\" title=\"\" src=\"https:\/\/www.pa-dent.pl\/wp-content\/uploads\/2021\/10\/zab-150x150-1.jpg\" alt=\"\" width=\"50\" height=\"50\"><\/td>\n<td style=\"vertical-align: top; text-align: left;\"><a name=\"dziecieca\"><\/a><strong>Stomatologia dzieci\u0119ca<\/strong><\/td>\n<td style=\"vertical-align: top; text-align: left;\">\n<ul>\n<li>Lakowanie bruzd z\u0119b\u00f3w sta\u0142ych i mlecznych<\/li>\n<li>Lakierowania z\u0119b\u00f3w fluorem<\/li>\n<li>Lapisowanie z\u0119b\u00f3w mlecznych z pr\u00f3chnic\u0105<\/li>\n<li>Wype\u0142nienia kolorowe do z\u0119b\u00f3w mlecznych (Twinky star)<\/li>\n<li>Usuwanie z\u0119b\u00f3w mlecznych<\/li>\n<\/ul>\n<\/td>\n<\/tr>\n<tr>\n<td><img loading=\"lazy\" class=\"alignright size-thumbnail wp-image-519\" title=\"\" src=\"https:\/\/www.pa-dent.pl\/wp-content\/uploads\/2021\/10\/proteza-150x150-1.jpg\" alt=\"\" width=\"50\" height=\"50\"><\/td>\n<td style=\"vertical-align: top; text-align: left;\"><a name=\"protetyka\"><\/a><strong>Protetyka stomatologiczna<\/strong><\/td>\n<td style=\"vertical-align: top; text-align: left;\">\n<ul>\n<li>Protezy akrylowe<\/li>\n<li>Protezy szkieletowe<\/li>\n<li>Protezy elastyczne<\/li>\n<li>Korony porcelanowe<\/li>\n<li>Korony pe\u0142noceramiczne<\/li>\n<li>Korony metalowe<\/li>\n<li>Mosty porcelanowe<\/li>\n<li>Wk\u0142ady z w\u0142\u00f3kna szklanego i metalowe<\/li>\n<\/ul>\n<\/td>\n<\/tr>\n<tr>\n<td><img loading=\"lazy\" class=\"alignright size-thumbnail wp-image-529\" title=\"\" src=\"https:\/\/www.pa-dent.pl\/wp-content\/uploads\/2021\/10\/leczenie-zeba-150x150-1.jpg\" alt=\"\" width=\"50\" height=\"50\"><\/td>\n<td style=\"vertical-align: top; text-align: left;\"><strong>Endodoncja<\/strong><\/td>\n<td style=\"vertical-align: top; text-align: left;\">\n<ul>\n<li>Leczenie kana\u0142owe z\u0119b\u00f3w z wykorzystaniem endometru<\/li>\n<li>Leczenie zgorzeli<\/li>\n<li>Diagnostyka radiologiczna<\/li>\n<\/ul>\n<\/td>\n<\/tr>\n<tr>\n<td><img loading=\"lazy\" class=\"alignright size-thumbnail wp-image-532\" title=\"\" src=\"https:\/\/www.pa-dent.pl\/wp-content\/uploads\/2021\/10\/narzedzia-150x150-1.jpg\" alt=\"\" width=\"50\" height=\"50\"><\/td>\n<td style=\"vertical-align: top; text-align: left;\"><a name=\"perio\"><\/a><strong>Leczenie chor\u00f3b przyz\u0119bia<\/strong><\/td>\n<td style=\"vertical-align: top; text-align: left;\">\n<ul>\n<li>Usuwanie kamienia naz\u0119bnego<\/li>\n<li>Szynowanie z\u0119b\u00f3w rozchwianych<\/li>\n<li>Zwalczanie nadwra\u017cliwo\u015bci<\/li>\n<li>Profilaktyka chor\u00f3b przyz\u0119bia i leczenie farmakologiczne<\/li>\n<\/ul>\n<\/td>\n<\/tr>\n<tr>\n<td><img loading=\"lazy\" class=\"alignright size-thumbnail wp-image-534\" title=\"\" src=\"https:\/\/www.pa-dent.pl\/wp-content\/uploads\/2021\/10\/szczykawka-150x150-1.jpg\" alt=\"\" width=\"50\" height=\"50\"><\/td>\n<td style=\"vertical-align: top; text-align: left;\"><a name=\"chirurgia\"><\/a><strong>Chirurgia stomatologiczna<\/strong><\/td>\n<td style=\"vertical-align: top; text-align: left;\">\n<ul>\n<li>Usuwanie z\u0119b\u00f3w mlecznych i sta\u0142ych<\/li>\n<\/ul>\n<\/td>\n<\/tr>\n<tr>\n<td><img loading=\"lazy\" class=\"alignright size-thumbnail wp-image-522\" title=\"\" src=\"https:\/\/www.pa-dent.pl\/wp-content\/uploads\/2021\/10\/rendgen-150x150-1.jpg\" alt=\"\" width=\"50\" height=\"50\"><\/td>\n<td style=\"vertical-align: top; text-align: left;\"><strong>Diagnostyka radiologiczna<\/strong><\/td>\n<td style=\"vertical-align: top; text-align: left;\">\n<ul>\n<li><strong>Nowoczesna radiowizjografia firmy SIRONA<\/strong> -dawka promieniowania trzykrotnie mniejsza ni\u017c w tradycyjnej radiografii<\/li>\n<\/ul>\n<\/td>\n<\/tr>\n<\/tbody>\n<\/table>\n<hr style=\"border: 8px solid #BD125E; border-radius: 8px;\">\n","protected":false},"excerpt":{"rendered":"<p>Profilaktyka pr\u00f3chnicy dzieci i doros\u0142ych Instrukta\u017c higieny jamy ustnej Lakierowanie z\u0119b\u00f3w Lakowanie bruzd z\u0119b\u00f3w sta\u0142ych i mlecznych Profesjonalne oczyszczanie z\u0119b\u00f3w Stomatologia zachowawcza Specjalistyczne porady stomatologiczne Wype\u0142nienia materia\u0142ami \u015bwiat\u0142outwardzalnymi Kosmetyczna odbudowa z\u0142amanych z\u0119b\u00f3w Leczenie nadwra\u017cliwo\u015bci z\u0119b\u00f3w Stomatologia estetyczna Wybielanie z\u0119b\u00f3w \u017cywych &hellip; <a href=\"https:\/\/www.pa-dent.pl\/index.php\/oferta\/\">Czytaj dalej <span class=\"meta-nav\">&rarr;<\/span><\/a><\/p>\n","protected":false},"author":1,"featured_media":0,"parent":0,"menu_order":0,"comment_status":"closed","ping_status":"closed","template":"","meta":[],"_links":{"self":[{"href":"https:\/\/www.pa-dent.pl\/index.php\/wp-json\/wp\/v2\/pages\/82"}],"collection":[{"href":"https:\/\/www.pa-dent.pl\/index.php\/wp-json\/wp\/v2\/pages"}],"about":[{"href":"https:\/\/www.pa-dent.pl\/index.php\/wp-json\/wp\/v2\/types\/page"}],"author":[{"embeddable":true,"href":"https:\/\/www.pa-dent.pl\/index.php\/wp-json\/wp\/v2\/users\/1"}],"replies":[{"embeddable":true,"href":"https:\/\/www.pa-dent.pl\/index.php\/wp-json\/wp\/v2\/comments?post=82"}],"version-history":[{"count":12,"href":"https:\/\/www.pa-dent.pl\/index.php\/wp-json\/wp\/v2\/pages\/82\/revisions"}],"predecessor-version":[{"id":104,"href":"https:\/\/www.pa-dent.pl\/index.php\/wp-json\/wp\/v2\/pages\/82\/revisions\/104"}],"wp:attachment":[{"href":"https:\/\/www.pa-dent.pl\/index.php\/wp-json\/wp\/v2\/media?parent=82"}],"curies":[{"name":"wp","href":"https:\/\/api.w.org\/{rel}","templated":true}]}}